{"id":526,"date":"2020-05-01T08:16:36","date_gmt":"2020-05-01T08:16:36","guid":{"rendered":"https:\/\/app-cprd-moneyadvice.azurewebsites.net\/?page_id=526"},"modified":"2026-02-02T09:22:58","modified_gmt":"2026-02-02T09:22:58","slug":"tai","status":"publish","type":"page","link":"https:\/\/www.cardiffmoneyadvice.co.uk\/cy\/cyngor\/tai\/","title":{"rendered":"Tai"},"content":{"rendered":"<div class=\"wpb-content-wrapper\"><p>[vc_row full_width=&#8221;stretch_row&#8221; content_placement=&#8221;middle&#8221; el_id=&#8221;headerrow&#8221; css=&#8221;.vc_custom_1582281962271{padding-top: 15px !important;}&#8221;][vc_column width=&#8221;2\/3&#8243;][vc_column_text css_animation=&#8221;fadeInDown&#8221; css=&#8221;.vc_custom_1589966957759{padding-left: 5% !important;}&#8221; el_class=&#8221;whitetext&#8221;]<\/p>\n<h1>Tai<\/h1>\n<p>[\/vc_column_text][\/vc_column][vc_column width=&#8221;1\/3&#8243; offset=&#8221;vc_hidden-xs&#8221;][vc_single_image image=&#8221;116&#8243; img_size=&#8221;100&#215;100&#8243; alignment=&#8221;center&#8221; css_animation=&#8221;fadeInRight&#8221;][\/vc_column][\/vc_row][vc_row][vc_column][vc_empty_space][\/vc_column][\/vc_row][vc_row][vc_column width=&#8221;2\/3&#8243;][vc_column_text css=&#8221;&#8221; el_class=&#8221;licheck&#8221;]Rydym yn gwybod bod poeni am fforddio lle rydych yn byw, problemau gyda&#8217;ch landlord, neu geisio dod o hyd i rywle newydd i fyw yn gallu bod yn anodd iawn.<\/p>\n<p>Gallwn eich helpu gyda rhai o&#8217;r pryderon ariannol a&#8217;ch cyfeirio at dimau eraill neu sefydliadau dibynadwy i&#8217;ch helpu pan na allwn wneud hynny.<\/p>\n<h2><strong>Fforddio eich cartref<\/strong><\/h2>\n<p>Help sydd ar gael i dalu eich <a href=\"https:\/\/www.cardiffmoneyadvice.co.uk\/cy\/budd-daliadau-ac-incwm\/rhent-morgais-a-threth-gyngor\/\">rhent neu\u2019ch morgais<\/a><strong>.<\/strong><\/p>\n<h2><strong>Os ydych yn credu eich bod mewn perygl o golli eich cartref neu eisoes yn ddigartref<\/strong><\/h2>\n<p>Mae cymorth ar gael i bob deiliad contract sy&#8217;n cael trafferth talu rhent, p&#8217;un a yw\u2019n cael budd-daliadau ai peidio, gan gynnwys deiliaid contract cymdeithas dai, deiliaid contract y Cyngor a&#8217;r rhai sy&#8217;n rhentu gan landlord preifat.<\/p>\n<p>Mae cymorth ar gael drwy gysylltu \u00e2&#8217;r Llinell Gyngor ar <a href=\"tel:029 2087 1071\">029 2087 1071<\/a> neu e-bostio\u00a0<a href=\"mailto:cymorthrhent@caerdydd.gov.uk\">cymorthrhent@caerdydd.gov.uk<\/a><\/p>\n<p>Mae&#8217;r timau Dewisiadau Tai a Chyngor Tai wedi gweithio gyda&#8217;i gilydd i greu pecyn cynhwysfawr i&#8217;r rheini sydd wedi cronni \u00f4l-ddyledion rhent neu sy&#8217;n cael trafferth talu eu hymrwymiadau rhent parhaus.<\/p>\n<p>Bydd aelwydydd sydd ag \u00f4l-ddyledion rhent yn gallu gwneud cais am gymorth ymarferol i leihau eu h\u00f4l-ddyledion, yn ogystal \u00e2 chael cyngor am wasanaethau&#8217;r Cyngor a all helpu i fynd i&#8217;r afael \u00e2&#8217;u pwysau ariannol, megis rheoli arian a chyngor ar ddyledion, gwybodaeth am fudd-daliadau, grantiau a gostyngiadau, a chyfeirio at gymorth cyflogaeth a hyfforddiant.<\/p>\n<p>Dylai deiliaid contract sydd angen cymorth gysylltu \u00e2&#8217;r Llinell Gyngor ar <a href=\"tel:029 2087 1071\">029 2087 1071<\/a> neu e-bostio\u00a0<a href=\"mailto:cymorthrhent@caerdydd.gov.uk\">cymorthrhent@caerdydd.gov.uk<\/a><\/p>\n<h2><strong>Cymorth i landlordiaid<\/strong><\/h2>\n<p>Mae&#8217;r Cyngor hefyd yn awyddus i glywed gan landlordiaid sydd \u00e2 deiliaid contract ag \u00f4l-ddyledion rhent. Mae gwasanaethau&#8217;r Cyngor yn gweithio gyda pherchnogion eiddo rhent preifat i ddarparu ymyriadau i achub contractau. Gall landlordiaid ffonio <a href=\"tel:029 2057 0750\">029 2057 0750<\/a> neu e-bostio\u00a0<a href=\"mailto:TimSectorRhentPreifat@caerdydd.gov.uk\">TimSectorRhentPreifat@caerdydd.gov.uk<\/a><\/p>\n<h2><strong>Deiliaid contract y Cyngor<\/strong><\/h2>\n<p>Gellir cysylltu \u00e2&#8217;n T\u00eem Cyswllt Lles ar <a href=\"tel:029 2087 1071\">029 2087 1071<\/a> a gallant eich helpu gyda chyngor ariannol a gwneud cynllun gyda chi i&#8217;ch helpu i fforddio eich rhent ac unrhyw \u00f4l-ddyledion.<\/p>\n<h2><strong>Deiliaid contract cymdeithas dai<\/strong><\/h2>\n<p>Os ydych yn rhentu eich cartref gan Gymdeithas Dai, mae ganddynt wahanol dimau a chynlluniau i&#8217;ch helpu i reoli eich contract. Gweler ein rhestr o\u00a0<a href=\"https:\/\/www.cardiffmoneyadvice.co.uk\/cy\/partneriaid\/cymdeithasau-tai\/\">bartneriaid\u00a0<\/a>i gael eu manylion cyswllt.<\/p>\n<h2><strong>Deiliaid contract y sector rhentu preifat<\/strong><\/h2>\n<p>Bellach, mae&#8217;n rhaid i landlordiaid ac asiantau preifat gofrestru gyda <a href=\"https:\/\/www.rhentudoeth.llyw.cymru\/cym\/cartref\/\">Rhentu Doeth Cymru<\/a>\u00a0sy&#8217;n gwneud yn si\u0175r bod contractau&#8217;n deg, ac eiddo\u2019n ddiogel. Gallwch edrych ar y wefan i weld a yw cyfeiriadau a landlordiaid wedi&#8217;u cofrestru, cyn i chi lofnodi contract.<\/p>\n<p>Hefyd, mae rhagor o wybodaeth a chyngor yngl\u0177n \u00e2\u00a0<a href=\"https:\/\/www.taicaerdydd.co.uk\/tai-preifat\/\">rhentu gan landlord preifat<\/a>\u00a0fel arall, cysylltwch \u00e2&#8217;r Ganolfan Dewisiadau Tai ar\u00a0<a href=\"Ff\u00f4n:%20029%202057%200750\">029 2057 0750<\/a><\/p>\n<h2><strong>Chwilio am gartref newydd?<\/strong><\/h2>\n<h3><strong>Rhestr aros am dai cymdeithasol (Rhestr aros gyffredin) a Throsglwyddiadau<\/strong><\/h3>\n<p>Os ydych yn dymuno ymuno \u00e2&#8217;r rhestr aros tai neu os ydych yn ddeiliad contract cyngor neu gymdeithas dai presennol ac yn dymuno gwneud cais am drosglwyddiad, gallwch lenwi ffurflen gais tai ar-lein yn <a href=\"https:\/\/www.cardiff.gov.uk\/CYM\/preswylydd\/Tai\/tai-ar-lein\/Pages\/default.aspx\">Tai Ar-lein (caerdydd.gov.uk)<\/a><\/p>\n<p>Gallwch ymweld \u00e2 Hyb neu ffonio&#8217;r llinell Ymholiadau Tai ar <a href=\"tel:029 2053 7111\">029 2053 7111<\/a> a dewis opsiwn 1, i gael rhagor o wybodaeth.<\/p>\n<p>Os oes gennych ymholiad am y rhestr aros, ffoniwch y llinell Ymholiadau Tai ar <a href=\"tel:029 2053 7111\">029 2053 7111<\/a> a dewiswch opsiwn 1 neu e-bostiwch\u00a0<a href=\"mailto:SLU-RhestrAros@caerdydd.gov.uk\">SLU-RhestrAros@caerdydd.gov.uk<\/a><\/p>\n<h3><strong>Trosglwyddiadau Cymunedol<\/strong><\/h3>\n<p>Os ydych yn ddeiliad contract y Cyngor ac yn dymuno cyfnewid, gallwch lenwi Ffurflen Gais am Drosglwyddiad Cymunedol ar-lein yn <a href=\"https:\/\/www.cardiff.gov.uk\/CYM\/preswylydd\/Tai\/tai-ar-lein\/Pages\/default.aspx\">Tai Ar-lein (caerdydd.gov.uk)<\/a><\/p>\n<p>Os ydych yn ddeiliad contract cymdeithas dai, bydd angen i chi siarad \u00e2&#8217;ch swyddog tai yn y lle cyntaf.<\/p>\n<h3><strong>Faint o gymorth y gallaf ei gael i dalu fy rhent?<\/strong><\/h3>\n<p>Mae taliadau Credyd Cynhwysol a Budd-dal Tai yn dibynnu ar brawf modd, ac yn y rhan fwyaf o achosion maent yn seiliedig ar Lwfans Tai Lleol ar gyfer deiliaid contract rhent preifat.<\/p>\n<p>Mae Meini Prawf Maint y Sector Cymdeithasol (Y Dreth Ystafell Wely) yn berthnasol i&#8217;r rhan fwyaf o bobl sy&#8217;n rhentu gan eu cyngor lleol neu gymdeithas dai.<\/p>\n<p>Mae&#8217;n syniad da gweld faint o gymorth y gallech ei gael, cyn gwneud unrhyw benderfyniadau ynghylch symud, fel eich bod yn gwybod y gallwch fforddio eich cartref newydd.<\/p>\n<p>Bydd ein cyfrifiannell budd-daliadau yn darparu amcangyfrif o&#8217;r help y gallech fod \u00e2 hawl iddo. Gweler <a href=\"https:\/\/cardiff.entitledto.co.uk\/home\/start\">cyfrifiannell budd-daliadau<\/a><\/p>\n<h3><strong>Dod o hyd i landlord a fydd yn derbyn Credyd Cynhwysol<\/strong><\/h3>\n<p>Gall y Ganolfan Dewisiadau Tai ddarparu manylion am landlordiaid sector preifat sy&#8217;n derbyn taliadau budd-dal. Cysylltwch \u00e2 nhw ar\u00a0<a href=\"mailto:029%202057%200750\">029 2057 0750<\/a>\u00a0neu\u00a0 <a href=\"mailto:CanolfanDewisiadauTai@caerdydd.gov.uk\">CanolfanDewisiadauTai@caerdydd.gov.uk<\/a>[\/vc_column_text][\/vc_column][vc_column width=&#8221;1\/3&#8243;][vc_empty_space][vc_raw_html css=&#8221;&#8221;]JTNDZGl2JTIwaWQlM0QlMjJiZ3NwbGF0JTIyJTNFJTNDc3BhbiUyMGNsYXNzJTNEJTIyYWR2aWNlMSUyMiUzRUxsaW5lbGwlMjBHeW5naG9yaSUyMGFyJTIwQXJpYW4lM0MlMkZzcGFuJTNFJTIwJTNDc3BhbiUyMGNsYXNzJTNEJTIyYWR2aWNlMiUyMiUzRSUzQ2ElMjB0aXRsZSUzRCUyMjAyOTIwODcxMDcxJTIyJTIwaHJlZiUzRCUyMnRlbCUzQTAyOTIwJTIwODcxJTIwMDcxJTIyJTNFMDI5MjAlMjA4NzElMjAwNzElM0MlMkZhJTNFJTNDJTJGc3BhbiUzRSUwQSUzQyUyRnNwYW4lM0UlM0MlMkZkaXYlM0U=[\/vc_raw_html][\/vc_column][\/vc_row][vc_row][vc_column][vc_empty_space height=&#8221;65px&#8221;][\/vc_column][\/vc_row][vc_row full_width=&#8221;stretch_row_content&#8221; css=&#8221;.vc_custom_1587741205487{padding-top: 500px !important;background-image: url(https:\/\/www.cardiffmoneyadvice.co.uk\/wp-content\/uploads\/bigstock-Stack-of-cardboard-boxes-in-an-195733429.jpg?id=452) !important;background-position: center !important;background-repeat: no-repeat !important;background-size: cover !important;}&#8221; el_id=&#8221;pageimg&#8221; el_class=&#8221;endrow&#8221;][vc_column][\/vc_column][\/vc_row]<\/p>\n<\/div>","protected":false},"excerpt":{"rendered":"[vc_row full_width=&#8221;stretch_row&#8221; content_placement=&#8221;middle&#8221; el_id=&#8221;headerrow&#8221; css=&#8221;.vc_custom_1582281962271{padding-top: 15px !important;}&#8221;][vc_column width=&#8221;2\/3&#8243;][vc_column_text css_animation=&#8221;fadeInDown&#8221; css=&#8221;.vc_custom_1589966957759{padding-left: 5% !important;}&#8221; el_class=&#8221;whitetext&#8221;] Tai [\/vc_column_text][\/vc_column][vc_column width=&#8221;1\/3&#8243; offset=&#8221;vc_hidden-xs&#8221;][vc_single_image image=&#8221;116&#8243; img_size=&#8221;100&#215;100&#8243; alignment=&#8221;center&#8221; css_animation=&#8221;fadeInRight&#8221;][\/vc_column][\/vc_row][vc_row][vc_column][vc_empty_space][\/vc_column][\/vc_row][vc_row][vc_column width=&#8221;2\/3&#8243;][vc_column_text css=&#8221;&#8221; el_class=&#8221;licheck&#8221;]Rydym yn gwybod bod poeni am fforddio lle rydych yn byw, problemau gyda&#8217;ch landlord, neu geisio dod o hyd i rywle newydd i fyw yn gallu bod yn anodd iawn. Gallwn eich&#8230; <a class=\"view-article\" href=\"https:\/\/www.cardiffmoneyadvice.co.uk\/cy\/cyngor\/tai\/\">View Article<\/a>","protected":false},"author":2,"featured_media":0,"parent":520,"menu_order":0,"comment_status":"closed","ping_status":"closed","template":"","meta":{"footnotes":""},"class_list":["post-526","page","type-page","status-publish","hentry"],"yoast_head":"<!-- This site is optimized with the Yoast SEO plugin v27.4 - https:\/\/yoast.com\/product\/yoast-seo-wordpress\/ -->\n<title>Tai - Cardiff Money Advice Service<\/title>\n<meta name=\"robots\" content=\"index, follow, max-snippet:-1, max-image-preview:large, max-video-preview:-1\" \/>\n<link rel=\"canonical\" href=\"https:\/\/www.cardiffmoneyadvice.co.uk\/cy\/cyngor\/tai\/\" \/>\n<meta property=\"og:locale\" content=\"cy_GB\" \/>\n<meta property=\"og:type\" content=\"article\" \/>\n<meta property=\"og:title\" content=\"Tai - Cardiff Money Advice Service\" \/>\n<meta property=\"og:description\" content=\"[vc_row full_width=&#8221;stretch_row&#8221; content_placement=&#8221;middle&#8221; el_id=&#8221;headerrow&#8221; css=&#8221;.vc_custom_1582281962271{padding-top: 15px !important;}&#8221;][vc_column width=&#8221;2\/3&#8243;][vc_column_text css_animation=&#8221;fadeInDown&#8221; css=&#8221;.vc_custom_1589966957759{padding-left: 5% !important;}&#8221; el_class=&#8221;whitetext&#8221;] Tai [\/vc_column_text][\/vc_column][vc_column width=&#8221;1\/3&#8243; offset=&#8221;vc_hidden-xs&#8221;][vc_single_image image=&#8221;116&#8243; img_size=&#8221;100&#215;100&#8243; alignment=&#8221;center&#8221; css_animation=&#8221;fadeInRight&#8221;][\/vc_column][\/vc_row][vc_row][vc_column][vc_empty_space][\/vc_column][\/vc_row][vc_row][vc_column width=&#8221;2\/3&#8243;][vc_column_text css=&#8221;&#8221; el_class=&#8221;licheck&#8221;]Rydym yn gwybod bod poeni am fforddio lle rydych yn byw, problemau gyda&#8217;ch landlord, neu geisio dod o hyd i rywle newydd i fyw yn gallu bod yn anodd iawn. Gallwn eich... View Article\" \/>\n<meta property=\"og:url\" content=\"https:\/\/www.cardiffmoneyadvice.co.uk\/cy\/cyngor\/tai\/\" \/>\n<meta property=\"og:site_name\" content=\"Cardiff Money Advice Service\" \/>\n<meta property=\"article:modified_time\" content=\"2026-02-02T09:22:58+00:00\" \/>\n<meta name=\"twitter:card\" content=\"summary_large_image\" \/>\n<meta name=\"twitter:label1\" content=\"Est. reading time\" \/>\n\t<meta name=\"twitter:data1\" content=\"4 minutes\" \/>\n<script type=\"application\/ld+json\" class=\"yoast-schema-graph\">{\"@context\":\"https:\\\/\\\/schema.org\",\"@graph\":[{\"@type\":\"WebPage\",\"@id\":\"https:\\\/\\\/www.cardiffmoneyadvice.co.uk\\\/cy\\\/cyngor\\\/tai\\\/\",\"url\":\"https:\\\/\\\/www.cardiffmoneyadvice.co.uk\\\/cy\\\/cyngor\\\/tai\\\/\",\"name\":\"Tai - Cardiff Money Advice Service\",\"isPartOf\":{\"@id\":\"https:\\\/\\\/www.cardiffmoneyadvice.co.uk\\\/cy\\\/#website\"},\"datePublished\":\"2020-05-01T08:16:36+00:00\",\"dateModified\":\"2026-02-02T09:22:58+00:00\",\"breadcrumb\":{\"@id\":\"https:\\\/\\\/www.cardiffmoneyadvice.co.uk\\\/cy\\\/cyngor\\\/tai\\\/#breadcrumb\"},\"inLanguage\":\"cy-GB\",\"potentialAction\":[{\"@type\":\"ReadAction\",\"target\":[\"https:\\\/\\\/www.cardiffmoneyadvice.co.uk\\\/cy\\\/cyngor\\\/tai\\\/\"]}]},{\"@type\":\"BreadcrumbList\",\"@id\":\"https:\\\/\\\/www.cardiffmoneyadvice.co.uk\\\/cy\\\/cyngor\\\/tai\\\/#breadcrumb\",\"itemListElement\":[{\"@type\":\"ListItem\",\"position\":1,\"name\":\"Home\",\"item\":\"https:\\\/\\\/www.cardiffmoneyadvice.co.uk\\\/cy\\\/\"},{\"@type\":\"ListItem\",\"position\":2,\"name\":\"Cyngor\",\"item\":\"https:\\\/\\\/www.cardiffmoneyadvice.co.uk\\\/cy\\\/cyngor\\\/\"},{\"@type\":\"ListItem\",\"position\":3,\"name\":\"Tai\"}]},{\"@type\":\"WebSite\",\"@id\":\"https:\\\/\\\/www.cardiffmoneyadvice.co.uk\\\/cy\\\/#website\",\"url\":\"https:\\\/\\\/www.cardiffmoneyadvice.co.uk\\\/cy\\\/\",\"name\":\"Cardiff Money Advice Service\",\"description\":\"\",\"potentialAction\":[{\"@type\":\"SearchAction\",\"target\":{\"@type\":\"EntryPoint\",\"urlTemplate\":\"https:\\\/\\\/www.cardiffmoneyadvice.co.uk\\\/cy\\\/?s={search_term_string}\"},\"query-input\":{\"@type\":\"PropertyValueSpecification\",\"valueRequired\":true,\"valueName\":\"search_term_string\"}}],\"inLanguage\":\"cy-GB\"}]}<\/script>\n<!-- \/ Yoast SEO plugin. -->","yoast_head_json":{"title":"Tai - Cardiff Money Advice Service","robots":{"index":"index","follow":"follow","max-snippet":"max-snippet:-1","max-image-preview":"max-image-preview:large","max-video-preview":"max-video-preview:-1"},"canonical":"https:\/\/www.cardiffmoneyadvice.co.uk\/cy\/cyngor\/tai\/","og_locale":"cy_GB","og_type":"article","og_title":"Tai - Cardiff Money Advice Service","og_description":"[vc_row full_width=&#8221;stretch_row&#8221; content_placement=&#8221;middle&#8221; el_id=&#8221;headerrow&#8221; css=&#8221;.vc_custom_1582281962271{padding-top: 15px !important;}&#8221;][vc_column width=&#8221;2\/3&#8243;][vc_column_text css_animation=&#8221;fadeInDown&#8221; css=&#8221;.vc_custom_1589966957759{padding-left: 5% !important;}&#8221; el_class=&#8221;whitetext&#8221;] Tai [\/vc_column_text][\/vc_column][vc_column width=&#8221;1\/3&#8243; offset=&#8221;vc_hidden-xs&#8221;][vc_single_image image=&#8221;116&#8243; img_size=&#8221;100&#215;100&#8243; alignment=&#8221;center&#8221; css_animation=&#8221;fadeInRight&#8221;][\/vc_column][\/vc_row][vc_row][vc_column][vc_empty_space][\/vc_column][\/vc_row][vc_row][vc_column width=&#8221;2\/3&#8243;][vc_column_text css=&#8221;&#8221; el_class=&#8221;licheck&#8221;]Rydym yn gwybod bod poeni am fforddio lle rydych yn byw, problemau gyda&#8217;ch landlord, neu geisio dod o hyd i rywle newydd i fyw yn gallu bod yn anodd iawn. Gallwn eich... View Article","og_url":"https:\/\/www.cardiffmoneyadvice.co.uk\/cy\/cyngor\/tai\/","og_site_name":"Cardiff Money Advice Service","article_modified_time":"2026-02-02T09:22:58+00:00","twitter_card":"summary_large_image","twitter_misc":{"Est. reading time":"4 minutes"},"schema":{"@context":"https:\/\/schema.org","@graph":[{"@type":"WebPage","@id":"https:\/\/www.cardiffmoneyadvice.co.uk\/cy\/cyngor\/tai\/","url":"https:\/\/www.cardiffmoneyadvice.co.uk\/cy\/cyngor\/tai\/","name":"Tai - Cardiff Money Advice Service","isPartOf":{"@id":"https:\/\/www.cardiffmoneyadvice.co.uk\/cy\/#website"},"datePublished":"2020-05-01T08:16:36+00:00","dateModified":"2026-02-02T09:22:58+00:00","breadcrumb":{"@id":"https:\/\/www.cardiffmoneyadvice.co.uk\/cy\/cyngor\/tai\/#breadcrumb"},"inLanguage":"cy-GB","potentialAction":[{"@type":"ReadAction","target":["https:\/\/www.cardiffmoneyadvice.co.uk\/cy\/cyngor\/tai\/"]}]},{"@type":"BreadcrumbList","@id":"https:\/\/www.cardiffmoneyadvice.co.uk\/cy\/cyngor\/tai\/#breadcrumb","itemListElement":[{"@type":"ListItem","position":1,"name":"Home","item":"https:\/\/www.cardiffmoneyadvice.co.uk\/cy\/"},{"@type":"ListItem","position":2,"name":"Cyngor","item":"https:\/\/www.cardiffmoneyadvice.co.uk\/cy\/cyngor\/"},{"@type":"ListItem","position":3,"name":"Tai"}]},{"@type":"WebSite","@id":"https:\/\/www.cardiffmoneyadvice.co.uk\/cy\/#website","url":"https:\/\/www.cardiffmoneyadvice.co.uk\/cy\/","name":"Cardiff Money Advice Service","description":"","potentialAction":[{"@type":"SearchAction","target":{"@type":"EntryPoint","urlTemplate":"https:\/\/www.cardiffmoneyadvice.co.uk\/cy\/?s={search_term_string}"},"query-input":{"@type":"PropertyValueSpecification","valueRequired":true,"valueName":"search_term_string"}}],"inLanguage":"cy-GB"}]}},"_links":{"self":[{"href":"https:\/\/www.cardiffmoneyadvice.co.uk\/cy\/wp-json\/wp\/v2\/pages\/526","targetHints":{"allow":["GET"]}}],"collection":[{"href":"https:\/\/www.cardiffmoneyadvice.co.uk\/cy\/wp-json\/wp\/v2\/pages"}],"about":[{"href":"https:\/\/www.cardiffmoneyadvice.co.uk\/cy\/wp-json\/wp\/v2\/types\/page"}],"author":[{"embeddable":true,"href":"https:\/\/www.cardiffmoneyadvice.co.uk\/cy\/wp-json\/wp\/v2\/users\/2"}],"replies":[{"embeddable":true,"href":"https:\/\/www.cardiffmoneyadvice.co.uk\/cy\/wp-json\/wp\/v2\/comments?post=526"}],"version-history":[{"count":21,"href":"https:\/\/www.cardiffmoneyadvice.co.uk\/cy\/wp-json\/wp\/v2\/pages\/526\/revisions"}],"predecessor-version":[{"id":2776,"href":"https:\/\/www.cardiffmoneyadvice.co.uk\/cy\/wp-json\/wp\/v2\/pages\/526\/revisions\/2776"}],"up":[{"embeddable":true,"href":"https:\/\/www.cardiffmoneyadvice.co.uk\/cy\/wp-json\/wp\/v2\/pages\/520"}],"wp:attachment":[{"href":"https:\/\/www.cardiffmoneyadvice.co.uk\/cy\/wp-json\/wp\/v2\/media?parent=526"}],"curies":[{"name":"wp","href":"https:\/\/api.w.org\/{rel}","templated":true}]}}