{"id":506,"date":"2020-05-01T08:09:10","date_gmt":"2020-05-01T08:09:10","guid":{"rendered":"https:\/\/app-cprd-moneyadvice.azurewebsites.net\/?page_id=506"},"modified":"2026-01-30T10:34:20","modified_gmt":"2026-01-30T10:34:20","slug":"rhent-morgais-a-threth-gyngor","status":"publish","type":"page","link":"https:\/\/www.cardiffmoneyadvice.co.uk\/cy\/budd-daliadau-ac-incwm\/rhent-morgais-a-threth-gyngor\/","title":{"rendered":"Rhent, Morgais a Threth Gyngor"},"content":{"rendered":"<div class=\"wpb-content-wrapper\"><p>[vc_row full_width=&#8221;stretch_row&#8221; content_placement=&#8221;middle&#8221; el_id=&#8221;headerrow&#8221; css=&#8221;.vc_custom_1582212503674{padding-top: 15px !important;}&#8221;][vc_column width=&#8221;2\/3&#8243;][vc_column_text css_animation=&#8221;fadeIn&#8221; css=&#8221;.vc_custom_1589283273338{padding-left: 5% !important;}&#8221; el_class=&#8221;whitetext&#8221;]<\/p>\n<h1>Rhent, Morgais a Threth Gyngor<\/h1>\n<p>[\/vc_column_text][\/vc_column][vc_column width=&#8221;1\/3&#8243; offset=&#8221;vc_hidden-xs&#8221;][vc_single_image image=&#8221;116&#8243; img_size=&#8221;100&#215;100&#8243; alignment=&#8221;center&#8221; css_animation=&#8221;fadeInRight&#8221;][\/vc_column][\/vc_row][vc_row][vc_column][vc_empty_space][\/vc_column][\/vc_row][vc_row][vc_column width=&#8221;2\/3&#8243;][vc_column_text css=&#8221;.vc_custom_1760538148662{padding-right: 2% !important;padding-left: 2% !important;}&#8221;]<\/p>\n<h2>Os ydych yn rhentu eich cartref<\/h2>\n<p>Os ydych yn rhentu eich cartref, mae amrywiaeth o gynlluniau a manteision ar gael i helpu. Bydd ein T\u00eem Cyngor ar Arian yn gallu eich tywys drwy\u2019r opsiynau gorau i chi.<\/p>\n<ul>\n<li>Mae <a href=\"https:\/\/www.gov.uk\/credyd-cynhwysol\">Credyd Cynhwysol<\/a> yn daliad i&#8217;ch helpu gyda&#8217;ch costau byw. Mae&#8217;n cyfuno chwe budd-d\u00e2l yn un taliad ac os ydych yn rhentu eich cartref, gall gynnwys costau tai. Efallai y byddwch chi&#8217;n gallu ei gael os ydych chi ar incwm isel neu\u2019n ddi-waith.<\/li>\n<li>Mae <a href=\"https:\/\/www.cardiff.gov.uk\/CYM\/preswylydd\/Budd-daliadau-a-Grantiau\/Budd-dal-Tai\/Ydw-in-gymwys\/Pages\/default.aspx\">Budd-dal Tai<\/a> ar gael i helpu gyda chostau rhent os ydych yn byw mewn mathau penodol o lety megis rhai tai dros dro neu dai \u00e2 chymorth. Fel arfer gallwch wneud cais os ydych yn berson sengl o oedran pensiwn, neu&#8217;n gwpl pensiwn y wladwriaeth. <a href=\"https:\/\/www.cardiff.gov.uk\/CYM\/preswylydd\/Budd-daliadau-a-Grantiau\/Budd-dal-Tai\/cais-fudd-dal-tai-neu-ostyngiad-treth-cyngor\/Pages\/default.aspx\">Gallwch wneud cais am fudd-dal tai ar-lein.<\/a><\/li>\n<li>Gellir gwneud <a href=\"https:\/\/www.cardiff.gov.uk\/CYM\/preswylydd\/Budd-daliadau-a-Grantiau\/Budd-dal-Tai\/Taliadau-Tai-Dewisol\/Pages\/default.aspx\">Taliadau Tai yn \u00f4l Disgresiwn<\/a> os ydych eisoes yn derbyn Budd-dal Tai neu Gredyd Cynhwysol (gydag elfen tai) a bod angen help ychwanegol arnoch. Mae&#8217;r taliadau hyn yn gyfyngedig a dim ond i bobl sydd yn wynebu caledi ariannol difrifol a chanddynt resymau da iawn dros orfod aros yn eu cartref presennol.<\/li>\n<\/ul>\n<p>Os ydych yn cael trafferth talu eich rhent neu os oes \u00f4l-ddyledion rhent gennych, dylech gadw mewn cysylltiad \u00e2&#8217;ch landlord.[\/vc_column_text][vc_separator color=&#8221;mulled_wine&#8221; style=&#8221;shadow&#8221; css=&#8221;.vc_custom_1582806613402{padding-top: 40px !important;padding-bottom: 40px !important;}&#8221;][vc_column_text css=&#8221;.vc_custom_1769769138851{padding-right: 2% !important;padding-left: 2% !important;}&#8221;]<\/p>\n<h2><strong>Os oes gennych forgais<\/strong><\/h2>\n<h3>Cymorth ar gyfer Llog ar Forgais (CLlF)<\/h3>\n<p>Os ydych yn berchennog t\u0177 efallai y gallwch gael cymorth tuag at y taliadau llog ar eich morgais neu fenthyciadau rydych wedi&#8217;u cymryd ar gyfer gwaith atgyweirio a gwelliannau penodol i&#8217;ch cartref. Yr enw ar hyn yw <a href=\"https:\/\/www.gov.uk\/cymorth-ar-gyfer-llog-morgais\">Cymorth ar gyfer Llog ar Forgais (CLlF)<\/a>. Caiff ei dalu fel benthyciad, y bydd yn rhaid i chi ei ad-dalu \u00e2 llog pan fyddwch yn gwerthu neu\u2019n trosglwyddo perchnogaeth eich cartref.<\/p>\n<h3><strong>Cymorth os ydych yn cael trafferth gyda&#8217;ch morgais<\/strong><\/h3>\n<p>Mae&#8217;r Ganolfan Dewisiadau Tai yn rhoi cyngor annibynnol am ddim i aelwydydd sy&#8217;n cael trafferth talu eu morgais neu unrhyw fenthyciad sydd wedi&#8217;i sicrhau ar eich cartref. Gallant hefyd helpu pan fydd cyfnod y morgais neu fenthyciad wedi dod i ben.<\/p>\n<p>Bydd y t\u00eem yn cynorthwyo ag achosion llys, gan gysylltu \u00e2 chwmn\u00efau morgais a chredydwyr, gan adolygu eich budd-daliadau, eich incwm a&#8217;ch materion dyled. Eu prif nod yw eich cadw yn eich cartref.<\/p>\n<p>Cysylltwch \u00e2 nhw ar <a href=\"tel:029 2057 0750\">029 2057 0750<\/a> neu e-bostiwch\u00a0 <a href=\"mailto:TimMorgaisaDyledCDT@caerdydd.gov.uk\">TimMorgaisaDyledCDT@caerdydd.gov.uk<\/a><\/p>\n<h3><strong>Cynllun Cymorth i Aros Llywodraeth Cymru<\/strong><\/h3>\n<p>Gall y cynllun Cymorth i Aros roi cyngor annibynnol i berchnogion tai ar faterion ariannol a morgeisi a rhoi benthyciad ecwiti di-log 5 mlynedd i leihau eu taliadau morgais misol i lefel fforddiadwy. Ni fydd angen i chi ddechrau ad-dalu\u2019r benthyciad am 5 mlynedd, ac ni fydd llog yn cael ei gymhwyso yn ystod y cyfnod hwn. Bydd y benthyciad yn cael ei ddefnyddio i leihau \u00f4l-ddyledion morgais presennol yn ogystal \u00e2&#8217;r balans sy&#8217;n weddill ar y morgais.<\/p>\n<p><a href=\"https:\/\/www.llyw.cymru\/cael-help-i-dalu-eich-morgais-gyda-benthyciad-ecwiti-rennir-cymorth-i-aros\">Am ragor o wybodaeth ewch i&#8217;r dudalen Cymorth i Aros ar wefan Llywodraeth Cymru<\/a>, neu cysylltwch \u00e2 Th\u00eem Morgais a Dyled Cyngor Caerdydd drwy ffonio <a href=\"tel:029%202057%200750\">029 2057 0750<\/a> neu e-bostio <a href=\"mailto:TimMorgaisaDyledCDT@caerdydd.gov.uk\">TimMorgaisaDyledCDT@caerdydd.gov.uk<\/a><\/p>\n<h3>Partneriaid<\/h3>\n<p>Gall ein\u00a0<a href=\"https:\/\/www.cardiffmoneyadvice.co.uk\/cy\/partneriaid\/\">Partneriaid<\/a>, megis <a href=\"https:\/\/cacv.org.uk\/#\">Cyngor ar Bopeth<\/a>,eich helpu gydag \u00f4l-ddyledion a thaliadau morgais.<\/p>\n<p>Dylech bob amser gadw mewn cysylltiad \u00e2&#8217;ch darparwr morgais os ydych yn cael trafferth i dalu eich ad-daliadau gan y gallant eich helpu i gadw eich cartref.[\/vc_column_text][vc_separator color=&#8221;mulled_wine&#8221; style=&#8221;shadow&#8221; css=&#8221;.vc_custom_1582806618322{padding-top: 40px !important;padding-bottom: 40px !important;}&#8221;][vc_column_text css=&#8221;.vc_custom_1727693376514{padding-right: 2% !important;padding-left: 2% !important;}&#8221;]<\/p>\n<h2>Cymorth Treth Gyngor<\/h2>\n<p>Os ydych ar incwm isel, efallai y bydd gennych hawl i gael rhywfaint o gymorth tuag at dalu eich treth gyngor.<\/p>\n<ul>\n<li>Mae <a href=\"http:\/\/www.cardiff.gov.uk\/CYM\/preswylydd\/Budd-daliadau-a-Grantiau\/Budd-dal-Tai\/cais-fudd-dal-tai-neu-ostyngiad-treth-cyngor\/Pages\/default.aspx\">Gostyngiad Treth Gyngor<\/a> ar gael i bobl ar incwm isel sy\u2019n gorfod talu\u2019r Dreth Gyngor ar gyfer y cartref maen nhw\u2019n byw ynddo. Os byddwch yn gymwys, bydd y gostyngiad yn cael ei gymhwyso&#8217;n uniongyrchol i&#8217;ch cyfrif a bydd bil newydd yn cael ei anfon atoch.<\/li>\n<li>Mae yna\u00a0<a href=\"https:\/\/www.cardiff.gov.uk\/CYM\/preswylydd\/Y-Dreth-Gyngor\/Gostyngiadau-treth-cyngor\/Pages\/default.aspx\">ostyngiadau a disgowntiau eraill ar gael<\/a>\u00a0os credwch y gallech gael trafferth i dalu eich Treth Gyngor.<\/li>\n<\/ul>\n<p>[\/vc_column_text][\/vc_column][vc_column width=&#8221;1\/3&#8243;][vc_empty_space height=&#8221;45px&#8221;][vc_raw_html]JTNDZGl2JTIwaWQlM0QlMjJiZ3NwbGF0JTIyJTNFJTNDc3BhbiUyMGNsYXNzJTNEJTIyYWR2aWNlMSUyMiUzRUxsaW5lbGwlMjBHeW5naG9yaSUyMGFyJTIwQXJpYW4lM0MlMkZzcGFuJTNFJTIwJTNDc3BhbiUyMGNsYXNzJTNEJTIyYWR2aWNlMiUyMiUzRSUzQ2ElMjB0aXRsZSUzRCUyMjAyOTIwJTIwODcxJTIwMDcxJTIyJTIwaHJlZiUzRCUyMnRlbCUzQTAyOTIwJTIwODcxJTIwMDcxJTIyJTNFMDI5MjAlMjA4NzElMjAwNzElM0MlMkZhJTNFJTNDJTJGc3BhbiUzRSUwQSUzQyUyRmRpdiUzRQ==[\/vc_raw_html][\/vc_column][\/vc_row][vc_row][vc_column][vc_empty_space height=&#8221;45px&#8221;][\/vc_column][\/vc_row][vc_row full_width=&#8221;stretch_row_content_no_spaces&#8221; css=&#8221;.vc_custom_1587735771077{background-image: url(https:\/\/www.cardiffmoneyadvice.co.uk\/wp-content\/uploads\/GDW6701.jpg?id=299) !important;background-position: center !important;background-repeat: no-repeat !important;background-size: cover !important;}&#8221; el_id=&#8221;pageimg&#8221; el_class=&#8221;endrow&#8221;][vc_column][vc_empty_space height=&#8221;450px&#8221;][\/vc_column][\/vc_row]<\/p>\n<\/div>","protected":false},"excerpt":{"rendered":"[vc_row full_width=&#8221;stretch_row&#8221; content_placement=&#8221;middle&#8221; el_id=&#8221;headerrow&#8221; css=&#8221;.vc_custom_1582212503674{padding-top: 15px !important;}&#8221;][vc_column width=&#8221;2\/3&#8243;][vc_column_text css_animation=&#8221;fadeIn&#8221; css=&#8221;.vc_custom_1589283273338{padding-left: 5% !important;}&#8221; el_class=&#8221;whitetext&#8221;] Rhent, Morgais a Threth Gyngor [\/vc_column_text][\/vc_column][vc_column width=&#8221;1\/3&#8243; offset=&#8221;vc_hidden-xs&#8221;][vc_single_image image=&#8221;116&#8243; img_size=&#8221;100&#215;100&#8243; alignment=&#8221;center&#8221; css_animation=&#8221;fadeInRight&#8221;][\/vc_column][\/vc_row][vc_row][vc_column][vc_empty_space][\/vc_column][\/vc_row][vc_row][vc_column width=&#8221;2\/3&#8243;][vc_column_text css=&#8221;.vc_custom_1760538148662{padding-right: 2% !important;padding-left: 2% !important;}&#8221;] Os ydych yn rhentu eich cartref Os ydych yn rhentu eich cartref, mae amrywiaeth o gynlluniau a manteision ar gael i helpu. Bydd ein&#8230; <a class=\"view-article\" href=\"https:\/\/www.cardiffmoneyadvice.co.uk\/cy\/budd-daliadau-ac-incwm\/rhent-morgais-a-threth-gyngor\/\">View Article<\/a>","protected":false},"author":2,"featured_media":0,"parent":503,"menu_order":0,"comment_status":"closed","ping_status":"closed","template":"","meta":{"footnotes":""},"class_list":["post-506","page","type-page","status-publish","hentry"],"yoast_head":"<!-- This site is optimized with the Yoast SEO plugin v27.3 - https:\/\/yoast.com\/product\/yoast-seo-wordpress\/ -->\n<title>Rhent, Morgais a Threth Gyngor - Cardiff Money Advice Service<\/title>\n<meta name=\"robots\" content=\"index, follow, max-snippet:-1, max-image-preview:large, max-video-preview:-1\" \/>\n<link rel=\"canonical\" href=\"https:\/\/www.cardiffmoneyadvice.co.uk\/cy\/budd-daliadau-ac-incwm\/rhent-morgais-a-threth-gyngor\/\" \/>\n<meta property=\"og:locale\" content=\"cy_GB\" \/>\n<meta property=\"og:type\" content=\"article\" \/>\n<meta property=\"og:title\" content=\"Rhent, Morgais a Threth Gyngor - Cardiff Money Advice Service\" \/>\n<meta property=\"og:description\" content=\"[vc_row full_width=&#8221;stretch_row&#8221; content_placement=&#8221;middle&#8221; el_id=&#8221;headerrow&#8221; css=&#8221;.vc_custom_1582212503674{padding-top: 15px !important;}&#8221;][vc_column width=&#8221;2\/3&#8243;][vc_column_text css_animation=&#8221;fadeIn&#8221; css=&#8221;.vc_custom_1589283273338{padding-left: 5% !important;}&#8221; el_class=&#8221;whitetext&#8221;] Rhent, Morgais a Threth Gyngor [\/vc_column_text][\/vc_column][vc_column width=&#8221;1\/3&#8243; offset=&#8221;vc_hidden-xs&#8221;][vc_single_image image=&#8221;116&#8243; img_size=&#8221;100&#215;100&#8243; alignment=&#8221;center&#8221; css_animation=&#8221;fadeInRight&#8221;][\/vc_column][\/vc_row][vc_row][vc_column][vc_empty_space][\/vc_column][\/vc_row][vc_row][vc_column width=&#8221;2\/3&#8243;][vc_column_text css=&#8221;.vc_custom_1760538148662{padding-right: 2% !important;padding-left: 2% !important;}&#8221;] Os ydych yn rhentu eich cartref Os ydych yn rhentu eich cartref, mae amrywiaeth o gynlluniau a manteision ar gael i helpu. Bydd ein... View Article\" \/>\n<meta property=\"og:url\" content=\"https:\/\/www.cardiffmoneyadvice.co.uk\/cy\/budd-daliadau-ac-incwm\/rhent-morgais-a-threth-gyngor\/\" \/>\n<meta property=\"og:site_name\" content=\"Cardiff Money Advice Service\" \/>\n<meta property=\"article:modified_time\" content=\"2026-01-30T10:34:20+00:00\" \/>\n<meta name=\"twitter:card\" content=\"summary_large_image\" \/>\n<meta name=\"twitter:label1\" content=\"Est. reading time\" \/>\n\t<meta name=\"twitter:data1\" content=\"4 minutes\" \/>\n<script type=\"application\/ld+json\" class=\"yoast-schema-graph\">{\"@context\":\"https:\\\/\\\/schema.org\",\"@graph\":[{\"@type\":\"WebPage\",\"@id\":\"https:\\\/\\\/www.cardiffmoneyadvice.co.uk\\\/cy\\\/budd-daliadau-ac-incwm\\\/rhent-morgais-a-threth-gyngor\\\/\",\"url\":\"https:\\\/\\\/www.cardiffmoneyadvice.co.uk\\\/cy\\\/budd-daliadau-ac-incwm\\\/rhent-morgais-a-threth-gyngor\\\/\",\"name\":\"Rhent, Morgais a Threth Gyngor - Cardiff Money Advice Service\",\"isPartOf\":{\"@id\":\"https:\\\/\\\/www.cardiffmoneyadvice.co.uk\\\/cy\\\/#website\"},\"datePublished\":\"2020-05-01T08:09:10+00:00\",\"dateModified\":\"2026-01-30T10:34:20+00:00\",\"breadcrumb\":{\"@id\":\"https:\\\/\\\/www.cardiffmoneyadvice.co.uk\\\/cy\\\/budd-daliadau-ac-incwm\\\/rhent-morgais-a-threth-gyngor\\\/#breadcrumb\"},\"inLanguage\":\"cy-GB\",\"potentialAction\":[{\"@type\":\"ReadAction\",\"target\":[\"https:\\\/\\\/www.cardiffmoneyadvice.co.uk\\\/cy\\\/budd-daliadau-ac-incwm\\\/rhent-morgais-a-threth-gyngor\\\/\"]}]},{\"@type\":\"BreadcrumbList\",\"@id\":\"https:\\\/\\\/www.cardiffmoneyadvice.co.uk\\\/cy\\\/budd-daliadau-ac-incwm\\\/rhent-morgais-a-threth-gyngor\\\/#breadcrumb\",\"itemListElement\":[{\"@type\":\"ListItem\",\"position\":1,\"name\":\"Home\",\"item\":\"https:\\\/\\\/www.cardiffmoneyadvice.co.uk\\\/cy\\\/\"},{\"@type\":\"ListItem\",\"position\":2,\"name\":\"Budd-daliadau ac Incwm\",\"item\":\"https:\\\/\\\/www.cardiffmoneyadvice.co.uk\\\/cy\\\/budd-daliadau-ac-incwm\\\/\"},{\"@type\":\"ListItem\",\"position\":3,\"name\":\"Rhent, Morgais a Threth Gyngor\"}]},{\"@type\":\"WebSite\",\"@id\":\"https:\\\/\\\/www.cardiffmoneyadvice.co.uk\\\/cy\\\/#website\",\"url\":\"https:\\\/\\\/www.cardiffmoneyadvice.co.uk\\\/cy\\\/\",\"name\":\"Cardiff Money Advice Service\",\"description\":\"\",\"potentialAction\":[{\"@type\":\"SearchAction\",\"target\":{\"@type\":\"EntryPoint\",\"urlTemplate\":\"https:\\\/\\\/www.cardiffmoneyadvice.co.uk\\\/cy\\\/?s={search_term_string}\"},\"query-input\":{\"@type\":\"PropertyValueSpecification\",\"valueRequired\":true,\"valueName\":\"search_term_string\"}}],\"inLanguage\":\"cy-GB\"}]}<\/script>\n<!-- \/ Yoast SEO plugin. -->","yoast_head_json":{"title":"Rhent, Morgais a Threth Gyngor - Cardiff Money Advice Service","robots":{"index":"index","follow":"follow","max-snippet":"max-snippet:-1","max-image-preview":"max-image-preview:large","max-video-preview":"max-video-preview:-1"},"canonical":"https:\/\/www.cardiffmoneyadvice.co.uk\/cy\/budd-daliadau-ac-incwm\/rhent-morgais-a-threth-gyngor\/","og_locale":"cy_GB","og_type":"article","og_title":"Rhent, Morgais a Threth Gyngor - Cardiff Money Advice Service","og_description":"[vc_row full_width=&#8221;stretch_row&#8221; content_placement=&#8221;middle&#8221; el_id=&#8221;headerrow&#8221; css=&#8221;.vc_custom_1582212503674{padding-top: 15px !important;}&#8221;][vc_column width=&#8221;2\/3&#8243;][vc_column_text css_animation=&#8221;fadeIn&#8221; css=&#8221;.vc_custom_1589283273338{padding-left: 5% !important;}&#8221; el_class=&#8221;whitetext&#8221;] Rhent, Morgais a Threth Gyngor [\/vc_column_text][\/vc_column][vc_column width=&#8221;1\/3&#8243; offset=&#8221;vc_hidden-xs&#8221;][vc_single_image image=&#8221;116&#8243; img_size=&#8221;100&#215;100&#8243; alignment=&#8221;center&#8221; css_animation=&#8221;fadeInRight&#8221;][\/vc_column][\/vc_row][vc_row][vc_column][vc_empty_space][\/vc_column][\/vc_row][vc_row][vc_column width=&#8221;2\/3&#8243;][vc_column_text css=&#8221;.vc_custom_1760538148662{padding-right: 2% !important;padding-left: 2% !important;}&#8221;] Os ydych yn rhentu eich cartref Os ydych yn rhentu eich cartref, mae amrywiaeth o gynlluniau a manteision ar gael i helpu. Bydd ein... View Article","og_url":"https:\/\/www.cardiffmoneyadvice.co.uk\/cy\/budd-daliadau-ac-incwm\/rhent-morgais-a-threth-gyngor\/","og_site_name":"Cardiff Money Advice Service","article_modified_time":"2026-01-30T10:34:20+00:00","twitter_card":"summary_large_image","twitter_misc":{"Est. reading time":"4 minutes"},"schema":{"@context":"https:\/\/schema.org","@graph":[{"@type":"WebPage","@id":"https:\/\/www.cardiffmoneyadvice.co.uk\/cy\/budd-daliadau-ac-incwm\/rhent-morgais-a-threth-gyngor\/","url":"https:\/\/www.cardiffmoneyadvice.co.uk\/cy\/budd-daliadau-ac-incwm\/rhent-morgais-a-threth-gyngor\/","name":"Rhent, Morgais a Threth Gyngor - Cardiff Money Advice Service","isPartOf":{"@id":"https:\/\/www.cardiffmoneyadvice.co.uk\/cy\/#website"},"datePublished":"2020-05-01T08:09:10+00:00","dateModified":"2026-01-30T10:34:20+00:00","breadcrumb":{"@id":"https:\/\/www.cardiffmoneyadvice.co.uk\/cy\/budd-daliadau-ac-incwm\/rhent-morgais-a-threth-gyngor\/#breadcrumb"},"inLanguage":"cy-GB","potentialAction":[{"@type":"ReadAction","target":["https:\/\/www.cardiffmoneyadvice.co.uk\/cy\/budd-daliadau-ac-incwm\/rhent-morgais-a-threth-gyngor\/"]}]},{"@type":"BreadcrumbList","@id":"https:\/\/www.cardiffmoneyadvice.co.uk\/cy\/budd-daliadau-ac-incwm\/rhent-morgais-a-threth-gyngor\/#breadcrumb","itemListElement":[{"@type":"ListItem","position":1,"name":"Home","item":"https:\/\/www.cardiffmoneyadvice.co.uk\/cy\/"},{"@type":"ListItem","position":2,"name":"Budd-daliadau ac Incwm","item":"https:\/\/www.cardiffmoneyadvice.co.uk\/cy\/budd-daliadau-ac-incwm\/"},{"@type":"ListItem","position":3,"name":"Rhent, Morgais a Threth Gyngor"}]},{"@type":"WebSite","@id":"https:\/\/www.cardiffmoneyadvice.co.uk\/cy\/#website","url":"https:\/\/www.cardiffmoneyadvice.co.uk\/cy\/","name":"Cardiff Money Advice Service","description":"","potentialAction":[{"@type":"SearchAction","target":{"@type":"EntryPoint","urlTemplate":"https:\/\/www.cardiffmoneyadvice.co.uk\/cy\/?s={search_term_string}"},"query-input":{"@type":"PropertyValueSpecification","valueRequired":true,"valueName":"search_term_string"}}],"inLanguage":"cy-GB"}]}},"_links":{"self":[{"href":"https:\/\/www.cardiffmoneyadvice.co.uk\/cy\/wp-json\/wp\/v2\/pages\/506","targetHints":{"allow":["GET"]}}],"collection":[{"href":"https:\/\/www.cardiffmoneyadvice.co.uk\/cy\/wp-json\/wp\/v2\/pages"}],"about":[{"href":"https:\/\/www.cardiffmoneyadvice.co.uk\/cy\/wp-json\/wp\/v2\/types\/page"}],"author":[{"embeddable":true,"href":"https:\/\/www.cardiffmoneyadvice.co.uk\/cy\/wp-json\/wp\/v2\/users\/2"}],"replies":[{"embeddable":true,"href":"https:\/\/www.cardiffmoneyadvice.co.uk\/cy\/wp-json\/wp\/v2\/comments?post=506"}],"version-history":[{"count":14,"href":"https:\/\/www.cardiffmoneyadvice.co.uk\/cy\/wp-json\/wp\/v2\/pages\/506\/revisions"}],"predecessor-version":[{"id":2769,"href":"https:\/\/www.cardiffmoneyadvice.co.uk\/cy\/wp-json\/wp\/v2\/pages\/506\/revisions\/2769"}],"up":[{"embeddable":true,"href":"https:\/\/www.cardiffmoneyadvice.co.uk\/cy\/wp-json\/wp\/v2\/pages\/503"}],"wp:attachment":[{"href":"https:\/\/www.cardiffmoneyadvice.co.uk\/cy\/wp-json\/wp\/v2\/media?parent=506"}],"curies":[{"name":"wp","href":"https:\/\/api.w.org\/{rel}","templated":true}]}}