{"id":2454,"date":"2025-10-14T09:50:47","date_gmt":"2025-10-14T09:50:47","guid":{"rendered":"https:\/\/www.cardiffmoneyadvice.co.uk\/?page_id=2454"},"modified":"2025-10-15T12:46:58","modified_gmt":"2025-10-15T12:46:58","slug":"helpwr-arian","status":"publish","type":"page","link":"https:\/\/www.cardiffmoneyadvice.co.uk\/cy\/cyngor\/helpwr-arian\/","title":{"rendered":"Helpwr Arian"},"content":{"rendered":"<div class=\"wpb-content-wrapper\"><p>[vc_row full_width=&#8221;stretch_row&#8221; content_placement=&#8221;middle&#8221; el_id=&#8221;headerrow&#8221; css=&#8221;.vc_custom_1582281962271{padding-top: 15px !important;}&#8221;][vc_column width=&#8221;2\/3&#8243;][vc_column_text css_animation=&#8221;fadeInDown&#8221; css=&#8221;.vc_custom_1760433609427{padding-left: 5% !important;}&#8221; el_class=&#8221;whitetext&#8221;]<\/p>\n<h1>Helpwr Arian<\/h1>\n<p>[\/vc_column_text][\/vc_column][vc_column width=&#8221;1\/3&#8243; offset=&#8221;vc_hidden-xs&#8221;][vc_single_image image=&#8221;116&#8243; img_size=&#8221;80&#215;80&#8243; css_animation=&#8221;fadeInRight&#8221; css=&#8221;&#8221;][\/vc_column][\/vc_row][vc_row][vc_column][vc_empty_space][\/vc_column][\/vc_row][vc_row][vc_column width=&#8221;2\/3&#8243;][vc_column_text css=&#8221;&#8221;]Mae <a href=\"https:\/\/www.moneyhelper.org.uk\/cy\">gwefan Helpwr Arian<\/a> yn rhoi cymorth am ddim a diduedd gydag arian, gan gynnwys cyngor ariannol ar feysydd gan gynnwys:<\/p>\n<ul>\n<li>credyd<\/li>\n<li>cynilion<\/li>\n<li>pensiynau ac ymddeol<\/li>\n<li>yswiriant<\/li>\n<li>ysgariad a gwahanu<\/li>\n<\/ul>\n<p>&nbsp;<\/p>\n<p>Mae&#8217;r wefan hefyd yn cynnwys ystod eang o offer defnyddiol a fydd yn eich helpu i gyfrifo\u2019r ffigurau sydd eu hangen arnoch ar gyfer rhai o&#8217;r sefyllfaoedd ariannol mwyaf cyffredin. Mae&#8217;r offer yn cynnwys:<\/p>\n<ul>\n<li>cyfrifiannell cynilo<\/li>\n<li>cymorth blaenoriaethu biliau<\/li>\n<li>cynllunydd ariannol i bobl sydd \u00e2 babi<\/li>\n<li>cyfrifiannell pensiwn<\/li>\n<\/ul>\n<p>Gallwch weld y rhain, a mwy o offer defnyddiol, yn <a href=\"https:\/\/www.moneyhelper.org.uk\/cy\/tools-and-calculators\">Offer a chyfrifianellau<\/a><\/p>\n<p>&nbsp;<\/p>\n<p>Mae gan y wefan gyfleuster &#8216;Siaradwch \u00e2 ni yn fyw&#8217;, lle gallwch siarad yn uniongyrchol \u00e2 Helpwr Arian dros y ff\u00f4n, e-bost neu sgwrs gwe, a all eich cynorthwyo os oes gennych unrhyw ymholiadau pellach.[\/vc_column_text][\/vc_column][vc_column width=&#8221;1\/3&#8243;][vc_single_image image=&#8221;2472&#8243; img_size=&#8221;medium&#8221; style=&#8221;vc_box_border&#8221; css=&#8221;&#8221;][\/vc_column][\/vc_row][vc_row][vc_column][vc_empty_space height=&#8221;65px&#8221;][\/vc_column][\/vc_row]<\/p>\n<\/div>","protected":false},"excerpt":{"rendered":"[vc_row full_width=&#8221;stretch_row&#8221; content_placement=&#8221;middle&#8221; el_id=&#8221;headerrow&#8221; css=&#8221;.vc_custom_1582281962271{padding-top: 15px !important;}&#8221;][vc_column width=&#8221;2\/3&#8243;][vc_column_text css_animation=&#8221;fadeInDown&#8221; css=&#8221;.vc_custom_1760433609427{padding-left: 5% !important;}&#8221; el_class=&#8221;whitetext&#8221;] Helpwr Arian [\/vc_column_text][\/vc_column][vc_column width=&#8221;1\/3&#8243; offset=&#8221;vc_hidden-xs&#8221;][vc_single_image image=&#8221;116&#8243; img_size=&#8221;80&#215;80&#8243; css_animation=&#8221;fadeInRight&#8221; css=&#8221;&#8221;][\/vc_column][\/vc_row][vc_row][vc_column][vc_empty_space][\/vc_column][\/vc_row][vc_row][vc_column width=&#8221;2\/3&#8243;][vc_column_text css=&#8221;&#8221;]Mae gwefan Helpwr Arian yn rhoi cymorth am ddim a diduedd gydag arian, gan gynnwys cyngor ariannol ar feysydd gan gynnwys: credyd cynilion pensiynau ac ymddeol yswiriant ysgariad a gwahanu &nbsp; Mae&#8217;r&#8230; <a class=\"view-article\" href=\"https:\/\/www.cardiffmoneyadvice.co.uk\/cy\/cyngor\/helpwr-arian\/\">View Article<\/a>","protected":false},"author":9,"featured_media":2456,"parent":520,"menu_order":2,"comment_status":"closed","ping_status":"closed","template":"","meta":{"footnotes":""},"class_list":["post-2454","page","type-page","status-publish","has-post-thumbnail","hentry"],"yoast_head":"<!-- This site is optimized with the Yoast SEO plugin v27.3 - https:\/\/yoast.com\/product\/yoast-seo-wordpress\/ -->\n<title>Helpwr Arian - Cardiff Money Advice Service<\/title>\n<meta name=\"robots\" content=\"index, follow, max-snippet:-1, max-image-preview:large, max-video-preview:-1\" \/>\n<link rel=\"canonical\" href=\"https:\/\/www.cardiffmoneyadvice.co.uk\/cy\/cyngor\/helpwr-arian\/\" \/>\n<meta property=\"og:locale\" content=\"cy_GB\" \/>\n<meta property=\"og:type\" content=\"article\" \/>\n<meta property=\"og:title\" content=\"Helpwr Arian - Cardiff Money Advice Service\" \/>\n<meta property=\"og:description\" content=\"[vc_row full_width=&#8221;stretch_row&#8221; content_placement=&#8221;middle&#8221; el_id=&#8221;headerrow&#8221; css=&#8221;.vc_custom_1582281962271{padding-top: 15px !important;}&#8221;][vc_column width=&#8221;2\/3&#8243;][vc_column_text css_animation=&#8221;fadeInDown&#8221; css=&#8221;.vc_custom_1760433609427{padding-left: 5% !important;}&#8221; el_class=&#8221;whitetext&#8221;] Helpwr Arian [\/vc_column_text][\/vc_column][vc_column width=&#8221;1\/3&#8243; offset=&#8221;vc_hidden-xs&#8221;][vc_single_image image=&#8221;116&#8243; img_size=&#8221;80&#215;80&#8243; css_animation=&#8221;fadeInRight&#8221; css=&#8221;&#8221;][\/vc_column][\/vc_row][vc_row][vc_column][vc_empty_space][\/vc_column][\/vc_row][vc_row][vc_column width=&#8221;2\/3&#8243;][vc_column_text css=&#8221;&#8221;]Mae gwefan Helpwr Arian yn rhoi cymorth am ddim a diduedd gydag arian, gan gynnwys cyngor ariannol ar feysydd gan gynnwys: credyd cynilion pensiynau ac ymddeol yswiriant ysgariad a gwahanu &nbsp; Mae&#8217;r... View Article\" \/>\n<meta property=\"og:url\" content=\"https:\/\/www.cardiffmoneyadvice.co.uk\/cy\/cyngor\/helpwr-arian\/\" \/>\n<meta property=\"og:site_name\" content=\"Cardiff Money Advice Service\" \/>\n<meta property=\"article:modified_time\" content=\"2025-10-15T12:46:58+00:00\" \/>\n<meta property=\"og:image\" content=\"https:\/\/www.cardiffmoneyadvice.co.uk\/wp-content\/uploads\/Money-Helper-image-Welsh.png\" \/>\n\t<meta property=\"og:image:width\" content=\"137\" \/>\n\t<meta property=\"og:image:height\" content=\"81\" \/>\n\t<meta property=\"og:image:type\" content=\"image\/png\" \/>\n<meta name=\"twitter:card\" content=\"summary_large_image\" \/>\n<meta name=\"twitter:label1\" content=\"Est. reading time\" \/>\n\t<meta name=\"twitter:data1\" content=\"2 minutes\" \/>\n<script type=\"application\/ld+json\" class=\"yoast-schema-graph\">{\"@context\":\"https:\\\/\\\/schema.org\",\"@graph\":[{\"@type\":\"WebPage\",\"@id\":\"https:\\\/\\\/www.cardiffmoneyadvice.co.uk\\\/cy\\\/cyngor\\\/helpwr-arian\\\/\",\"url\":\"https:\\\/\\\/www.cardiffmoneyadvice.co.uk\\\/cy\\\/cyngor\\\/helpwr-arian\\\/\",\"name\":\"Helpwr Arian - Cardiff Money Advice Service\",\"isPartOf\":{\"@id\":\"https:\\\/\\\/www.cardiffmoneyadvice.co.uk\\\/cy\\\/#website\"},\"primaryImageOfPage\":{\"@id\":\"https:\\\/\\\/www.cardiffmoneyadvice.co.uk\\\/cy\\\/cyngor\\\/helpwr-arian\\\/#primaryimage\"},\"image\":{\"@id\":\"https:\\\/\\\/www.cardiffmoneyadvice.co.uk\\\/cy\\\/cyngor\\\/helpwr-arian\\\/#primaryimage\"},\"thumbnailUrl\":\"https:\\\/\\\/www.cardiffmoneyadvice.co.uk\\\/wp-content\\\/uploads\\\/Money-Helper-image-Welsh.png\",\"datePublished\":\"2025-10-14T09:50:47+00:00\",\"dateModified\":\"2025-10-15T12:46:58+00:00\",\"breadcrumb\":{\"@id\":\"https:\\\/\\\/www.cardiffmoneyadvice.co.uk\\\/cy\\\/cyngor\\\/helpwr-arian\\\/#breadcrumb\"},\"inLanguage\":\"cy-GB\",\"potentialAction\":[{\"@type\":\"ReadAction\",\"target\":[\"https:\\\/\\\/www.cardiffmoneyadvice.co.uk\\\/cy\\\/cyngor\\\/helpwr-arian\\\/\"]}]},{\"@type\":\"ImageObject\",\"inLanguage\":\"cy-GB\",\"@id\":\"https:\\\/\\\/www.cardiffmoneyadvice.co.uk\\\/cy\\\/cyngor\\\/helpwr-arian\\\/#primaryimage\",\"url\":\"https:\\\/\\\/www.cardiffmoneyadvice.co.uk\\\/wp-content\\\/uploads\\\/Money-Helper-image-Welsh.png\",\"contentUrl\":\"https:\\\/\\\/www.cardiffmoneyadvice.co.uk\\\/wp-content\\\/uploads\\\/Money-Helper-image-Welsh.png\",\"width\":137,\"height\":81,\"caption\":\"Llun yn dangos y geiriau Helpwr Arian\"},{\"@type\":\"BreadcrumbList\",\"@id\":\"https:\\\/\\\/www.cardiffmoneyadvice.co.uk\\\/cy\\\/cyngor\\\/helpwr-arian\\\/#breadcrumb\",\"itemListElement\":[{\"@type\":\"ListItem\",\"position\":1,\"name\":\"Home\",\"item\":\"https:\\\/\\\/www.cardiffmoneyadvice.co.uk\\\/cy\\\/\"},{\"@type\":\"ListItem\",\"position\":2,\"name\":\"Cyngor\",\"item\":\"https:\\\/\\\/www.cardiffmoneyadvice.co.uk\\\/cy\\\/cyngor\\\/\"},{\"@type\":\"ListItem\",\"position\":3,\"name\":\"Helpwr Arian\"}]},{\"@type\":\"WebSite\",\"@id\":\"https:\\\/\\\/www.cardiffmoneyadvice.co.uk\\\/cy\\\/#website\",\"url\":\"https:\\\/\\\/www.cardiffmoneyadvice.co.uk\\\/cy\\\/\",\"name\":\"Cardiff Money Advice Service\",\"description\":\"\",\"potentialAction\":[{\"@type\":\"SearchAction\",\"target\":{\"@type\":\"EntryPoint\",\"urlTemplate\":\"https:\\\/\\\/www.cardiffmoneyadvice.co.uk\\\/cy\\\/?s={search_term_string}\"},\"query-input\":{\"@type\":\"PropertyValueSpecification\",\"valueRequired\":true,\"valueName\":\"search_term_string\"}}],\"inLanguage\":\"cy-GB\"}]}<\/script>\n<!-- \/ Yoast SEO plugin. -->","yoast_head_json":{"title":"Helpwr Arian - Cardiff Money Advice Service","robots":{"index":"index","follow":"follow","max-snippet":"max-snippet:-1","max-image-preview":"max-image-preview:large","max-video-preview":"max-video-preview:-1"},"canonical":"https:\/\/www.cardiffmoneyadvice.co.uk\/cy\/cyngor\/helpwr-arian\/","og_locale":"cy_GB","og_type":"article","og_title":"Helpwr Arian - Cardiff Money Advice Service","og_description":"[vc_row full_width=&#8221;stretch_row&#8221; content_placement=&#8221;middle&#8221; el_id=&#8221;headerrow&#8221; css=&#8221;.vc_custom_1582281962271{padding-top: 15px !important;}&#8221;][vc_column width=&#8221;2\/3&#8243;][vc_column_text css_animation=&#8221;fadeInDown&#8221; css=&#8221;.vc_custom_1760433609427{padding-left: 5% !important;}&#8221; el_class=&#8221;whitetext&#8221;] Helpwr Arian [\/vc_column_text][\/vc_column][vc_column width=&#8221;1\/3&#8243; offset=&#8221;vc_hidden-xs&#8221;][vc_single_image image=&#8221;116&#8243; img_size=&#8221;80&#215;80&#8243; css_animation=&#8221;fadeInRight&#8221; css=&#8221;&#8221;][\/vc_column][\/vc_row][vc_row][vc_column][vc_empty_space][\/vc_column][\/vc_row][vc_row][vc_column width=&#8221;2\/3&#8243;][vc_column_text css=&#8221;&#8221;]Mae gwefan Helpwr Arian yn rhoi cymorth am ddim a diduedd gydag arian, gan gynnwys cyngor ariannol ar feysydd gan gynnwys: credyd cynilion pensiynau ac ymddeol yswiriant ysgariad a gwahanu &nbsp; Mae&#8217;r... View Article","og_url":"https:\/\/www.cardiffmoneyadvice.co.uk\/cy\/cyngor\/helpwr-arian\/","og_site_name":"Cardiff Money Advice Service","article_modified_time":"2025-10-15T12:46:58+00:00","og_image":[{"width":137,"height":81,"url":"https:\/\/www.cardiffmoneyadvice.co.uk\/wp-content\/uploads\/Money-Helper-image-Welsh.png","type":"image\/png"}],"twitter_card":"summary_large_image","twitter_misc":{"Est. reading time":"2 minutes"},"schema":{"@context":"https:\/\/schema.org","@graph":[{"@type":"WebPage","@id":"https:\/\/www.cardiffmoneyadvice.co.uk\/cy\/cyngor\/helpwr-arian\/","url":"https:\/\/www.cardiffmoneyadvice.co.uk\/cy\/cyngor\/helpwr-arian\/","name":"Helpwr Arian - Cardiff Money Advice Service","isPartOf":{"@id":"https:\/\/www.cardiffmoneyadvice.co.uk\/cy\/#website"},"primaryImageOfPage":{"@id":"https:\/\/www.cardiffmoneyadvice.co.uk\/cy\/cyngor\/helpwr-arian\/#primaryimage"},"image":{"@id":"https:\/\/www.cardiffmoneyadvice.co.uk\/cy\/cyngor\/helpwr-arian\/#primaryimage"},"thumbnailUrl":"https:\/\/www.cardiffmoneyadvice.co.uk\/wp-content\/uploads\/Money-Helper-image-Welsh.png","datePublished":"2025-10-14T09:50:47+00:00","dateModified":"2025-10-15T12:46:58+00:00","breadcrumb":{"@id":"https:\/\/www.cardiffmoneyadvice.co.uk\/cy\/cyngor\/helpwr-arian\/#breadcrumb"},"inLanguage":"cy-GB","potentialAction":[{"@type":"ReadAction","target":["https:\/\/www.cardiffmoneyadvice.co.uk\/cy\/cyngor\/helpwr-arian\/"]}]},{"@type":"ImageObject","inLanguage":"cy-GB","@id":"https:\/\/www.cardiffmoneyadvice.co.uk\/cy\/cyngor\/helpwr-arian\/#primaryimage","url":"https:\/\/www.cardiffmoneyadvice.co.uk\/wp-content\/uploads\/Money-Helper-image-Welsh.png","contentUrl":"https:\/\/www.cardiffmoneyadvice.co.uk\/wp-content\/uploads\/Money-Helper-image-Welsh.png","width":137,"height":81,"caption":"Llun yn dangos y geiriau Helpwr Arian"},{"@type":"BreadcrumbList","@id":"https:\/\/www.cardiffmoneyadvice.co.uk\/cy\/cyngor\/helpwr-arian\/#breadcrumb","itemListElement":[{"@type":"ListItem","position":1,"name":"Home","item":"https:\/\/www.cardiffmoneyadvice.co.uk\/cy\/"},{"@type":"ListItem","position":2,"name":"Cyngor","item":"https:\/\/www.cardiffmoneyadvice.co.uk\/cy\/cyngor\/"},{"@type":"ListItem","position":3,"name":"Helpwr Arian"}]},{"@type":"WebSite","@id":"https:\/\/www.cardiffmoneyadvice.co.uk\/cy\/#website","url":"https:\/\/www.cardiffmoneyadvice.co.uk\/cy\/","name":"Cardiff Money Advice Service","description":"","potentialAction":[{"@type":"SearchAction","target":{"@type":"EntryPoint","urlTemplate":"https:\/\/www.cardiffmoneyadvice.co.uk\/cy\/?s={search_term_string}"},"query-input":{"@type":"PropertyValueSpecification","valueRequired":true,"valueName":"search_term_string"}}],"inLanguage":"cy-GB"}]}},"_links":{"self":[{"href":"https:\/\/www.cardiffmoneyadvice.co.uk\/cy\/wp-json\/wp\/v2\/pages\/2454","targetHints":{"allow":["GET"]}}],"collection":[{"href":"https:\/\/www.cardiffmoneyadvice.co.uk\/cy\/wp-json\/wp\/v2\/pages"}],"about":[{"href":"https:\/\/www.cardiffmoneyadvice.co.uk\/cy\/wp-json\/wp\/v2\/types\/page"}],"author":[{"embeddable":true,"href":"https:\/\/www.cardiffmoneyadvice.co.uk\/cy\/wp-json\/wp\/v2\/users\/9"}],"replies":[{"embeddable":true,"href":"https:\/\/www.cardiffmoneyadvice.co.uk\/cy\/wp-json\/wp\/v2\/comments?post=2454"}],"version-history":[{"count":13,"href":"https:\/\/www.cardiffmoneyadvice.co.uk\/cy\/wp-json\/wp\/v2\/pages\/2454\/revisions"}],"predecessor-version":[{"id":2512,"href":"https:\/\/www.cardiffmoneyadvice.co.uk\/cy\/wp-json\/wp\/v2\/pages\/2454\/revisions\/2512"}],"up":[{"embeddable":true,"href":"https:\/\/www.cardiffmoneyadvice.co.uk\/cy\/wp-json\/wp\/v2\/pages\/520"}],"wp:featuredmedia":[{"embeddable":true,"href":"https:\/\/www.cardiffmoneyadvice.co.uk\/cy\/wp-json\/wp\/v2\/media\/2456"}],"wp:attachment":[{"href":"https:\/\/www.cardiffmoneyadvice.co.uk\/cy\/wp-json\/wp\/v2\/media?parent=2454"}],"curies":[{"name":"wp","href":"https:\/\/api.w.org\/{rel}","templated":true}]}}